{"id":1560,"date":"2022-09-16T12:46:49","date_gmt":"2022-09-16T10:46:49","guid":{"rendered":"https:\/\/puistokatu4.fi\/?page_id=1560"},"modified":"2024-03-06T11:21:58","modified_gmt":"2024-03-06T09:21:58","slug":"boka-motesrum","status":"publish","type":"page","link":"https:\/\/puistokatu4.fi\/sv\/boka-motesrum\/","title":{"rendered":"Boka m\u00f6tesrum"},"content":{"rendered":"","protected":false},"excerpt":{"rendered":"","protected":false},"author":1,"featured_media":1443,"parent":0,"menu_order":0,"comment_status":"closed","ping_status":"closed","template":"","meta":{"content-type":"","footnotes":""},"class_list":["post-1560","page","type-page","status-publish","has-post-thumbnail","hentry"],"acf":[],"yoast_head":"<!-- This site is optimized with the Yoast SEO plugin v20.9 - https:\/\/yoast.com\/wordpress\/plugins\/seo\/ -->\n<title>Boka m\u00f6tesrum - Puistokatu 4<\/title>\n<meta name=\"description\" content=\"P\u00e5 Puistokatu 4 finns fem konferensrum, som \u00e4ven utomst\u00e5ende kan boka fr\u00e5n och med vinter 2023.\" \/>\n<meta name=\"robots\" content=\"index, follow, max-snippet:-1, max-image-preview:large, max-video-preview:-1\" \/>\n<link rel=\"canonical\" href=\"https:\/\/puistokatu4.fi\/sv\/boka-motesrum\/\" \/>\n<meta property=\"og:locale\" content=\"sv_SE\" \/>\n<meta property=\"og:type\" content=\"article\" \/>\n<meta property=\"og:title\" content=\"Boka m\u00f6tesrum - Puistokatu 4\" \/>\n<meta property=\"og:description\" content=\"P\u00e5 Puistokatu 4 finns fem konferensrum, som \u00e4ven utomst\u00e5ende kan boka fr\u00e5n och med vinter 2023.\" \/>\n<meta property=\"og:url\" content=\"https:\/\/puistokatu4.fi\/sv\/boka-motesrum\/\" \/>\n<meta property=\"og:site_name\" content=\"Puistokatu 4\" \/>\n<meta property=\"article:publisher\" content=\"https:\/\/www.facebook.com\/puistokatu4\/\" \/>\n<meta property=\"article:modified_time\" content=\"2024-03-06T09:21:58+00:00\" \/>\n<meta property=\"og:image\" content=\"https:\/\/puistokatu4.fi\/wp-content\/uploads\/2022\/06\/4M3A1256_2-1.jpg\" \/>\n\t<meta property=\"og:image:width\" content=\"1181\" \/>\n\t<meta property=\"og:image:height\" content=\"787\" \/>\n\t<meta property=\"og:image:type\" content=\"image\/jpeg\" \/>\n<meta name=\"twitter:card\" content=\"summary_large_image\" \/>\n<meta name=\"twitter:site\" content=\"@Puistokatu4\" \/>\n<script type=\"application\/ld+json\" class=\"yoast-schema-graph\">{\"@context\":\"https:\/\/schema.org\",\"@graph\":[{\"@type\":\"WebPage\",\"@id\":\"https:\/\/puistokatu4.fi\/sv\/boka-motesrum\/\",\"url\":\"https:\/\/puistokatu4.fi\/sv\/boka-motesrum\/\",\"name\":\"Boka m\u00f6tesrum - Puistokatu 4\",\"isPartOf\":{\"@id\":\"https:\/\/puistokatu4.fi\/#website\"},\"datePublished\":\"2022-09-16T10:46:49+00:00\",\"dateModified\":\"2024-03-06T09:21:58+00:00\",\"description\":\"P\u00e5 Puistokatu 4 finns fem konferensrum, som \u00e4ven utomst\u00e5ende kan boka fr\u00e5n och med vinter 2023.\",\"breadcrumb\":{\"@id\":\"https:\/\/puistokatu4.fi\/sv\/boka-motesrum\/#breadcrumb\"},\"inLanguage\":\"sv-SE\",\"potentialAction\":[{\"@type\":\"ReadAction\",\"target\":[\"https:\/\/puistokatu4.fi\/sv\/boka-motesrum\/\"]}]},{\"@type\":\"BreadcrumbList\",\"@id\":\"https:\/\/puistokatu4.fi\/sv\/boka-motesrum\/#breadcrumb\",\"itemListElement\":[{\"@type\":\"ListItem\",\"position\":1,\"name\":\"Home\",\"item\":\"https:\/\/puistokatu4.fi\/sv\/\"},{\"@type\":\"ListItem\",\"position\":2,\"name\":\"Boka m\u00f6tesrum\"}]},{\"@type\":\"WebSite\",\"@id\":\"https:\/\/puistokatu4.fi\/#website\",\"url\":\"https:\/\/puistokatu4.fi\/\",\"name\":\"Puistokatu 4\",\"description\":\"Tieteen ja toivon talo\",\"publisher\":{\"@id\":\"https:\/\/puistokatu4.fi\/#organization\"},\"potentialAction\":[{\"@type\":\"SearchAction\",\"target\":{\"@type\":\"EntryPoint\",\"urlTemplate\":\"https:\/\/puistokatu4.fi\/?s={search_term_string}\"},\"query-input\":\"required name=search_term_string\"}],\"inLanguage\":\"sv-SE\"},{\"@type\":\"Organization\",\"@id\":\"https:\/\/puistokatu4.fi\/#organization\",\"name\":\"Puistokatu 4\",\"url\":\"https:\/\/puistokatu4.fi\/\",\"logo\":{\"@type\":\"ImageObject\",\"inLanguage\":\"sv-SE\",\"@id\":\"https:\/\/puistokatu4.fi\/#\/schema\/logo\/image\/\",\"url\":\"https:\/\/puistokatu4.fi\/wp-content\/uploads\/2021\/02\/logo-black.svg\",\"contentUrl\":\"https:\/\/puistokatu4.fi\/wp-content\/uploads\/2021\/02\/logo-black.svg\",\"width\":420,\"height\":170,\"caption\":\"Puistokatu 4\"},\"image\":{\"@id\":\"https:\/\/puistokatu4.fi\/#\/schema\/logo\/image\/\"},\"sameAs\":[\"https:\/\/www.facebook.com\/puistokatu4\/\",\"https:\/\/twitter.com\/Puistokatu4\",\"https:\/\/www.instagram.com\/puistokatu4\/\"]}]}<\/script>\n<!-- \/ Yoast SEO plugin. -->","yoast_head_json":{"title":"Boka m\u00f6tesrum - Puistokatu 4","description":"P\u00e5 Puistokatu 4 finns fem konferensrum, som \u00e4ven utomst\u00e5ende kan boka fr\u00e5n och med vinter 2023.","robots":{"index":"index","follow":"follow","max-snippet":"max-snippet:-1","max-image-preview":"max-image-preview:large","max-video-preview":"max-video-preview:-1"},"canonical":"https:\/\/puistokatu4.fi\/sv\/boka-motesrum\/","og_locale":"sv_SE","og_type":"article","og_title":"Boka m\u00f6tesrum - Puistokatu 4","og_description":"P\u00e5 Puistokatu 4 finns fem konferensrum, som \u00e4ven utomst\u00e5ende kan boka fr\u00e5n och med vinter 2023.","og_url":"https:\/\/puistokatu4.fi\/sv\/boka-motesrum\/","og_site_name":"Puistokatu 4","article_publisher":"https:\/\/www.facebook.com\/puistokatu4\/","article_modified_time":"2024-03-06T09:21:58+00:00","og_image":[{"width":1181,"height":787,"url":"https:\/\/puistokatu4.fi\/wp-content\/uploads\/2022\/06\/4M3A1256_2-1.jpg","type":"image\/jpeg"}],"twitter_card":"summary_large_image","twitter_site":"@Puistokatu4","schema":{"@context":"https:\/\/schema.org","@graph":[{"@type":"WebPage","@id":"https:\/\/puistokatu4.fi\/sv\/boka-motesrum\/","url":"https:\/\/puistokatu4.fi\/sv\/boka-motesrum\/","name":"Boka m\u00f6tesrum - Puistokatu 4","isPartOf":{"@id":"https:\/\/puistokatu4.fi\/#website"},"datePublished":"2022-09-16T10:46:49+00:00","dateModified":"2024-03-06T09:21:58+00:00","description":"P\u00e5 Puistokatu 4 finns fem konferensrum, som \u00e4ven utomst\u00e5ende kan boka fr\u00e5n och med vinter 2023.","breadcrumb":{"@id":"https:\/\/puistokatu4.fi\/sv\/boka-motesrum\/#breadcrumb"},"inLanguage":"sv-SE","potentialAction":[{"@type":"ReadAction","target":["https:\/\/puistokatu4.fi\/sv\/boka-motesrum\/"]}]},{"@type":"BreadcrumbList","@id":"https:\/\/puistokatu4.fi\/sv\/boka-motesrum\/#breadcrumb","itemListElement":[{"@type":"ListItem","position":1,"name":"Home","item":"https:\/\/puistokatu4.fi\/sv\/"},{"@type":"ListItem","position":2,"name":"Boka m\u00f6tesrum"}]},{"@type":"WebSite","@id":"https:\/\/puistokatu4.fi\/#website","url":"https:\/\/puistokatu4.fi\/","name":"Puistokatu 4","description":"Tieteen ja toivon talo","publisher":{"@id":"https:\/\/puistokatu4.fi\/#organization"},"potentialAction":[{"@type":"SearchAction","target":{"@type":"EntryPoint","urlTemplate":"https:\/\/puistokatu4.fi\/?s={search_term_string}"},"query-input":"required name=search_term_string"}],"inLanguage":"sv-SE"},{"@type":"Organization","@id":"https:\/\/puistokatu4.fi\/#organization","name":"Puistokatu 4","url":"https:\/\/puistokatu4.fi\/","logo":{"@type":"ImageObject","inLanguage":"sv-SE","@id":"https:\/\/puistokatu4.fi\/#\/schema\/logo\/image\/","url":"https:\/\/puistokatu4.fi\/wp-content\/uploads\/2021\/02\/logo-black.svg","contentUrl":"https:\/\/puistokatu4.fi\/wp-content\/uploads\/2021\/02\/logo-black.svg","width":420,"height":170,"caption":"Puistokatu 4"},"image":{"@id":"https:\/\/puistokatu4.fi\/#\/schema\/logo\/image\/"},"sameAs":["https:\/\/www.facebook.com\/puistokatu4\/","https:\/\/twitter.com\/Puistokatu4","https:\/\/www.instagram.com\/puistokatu4\/"]}]}},"_links":{"self":[{"href":"https:\/\/puistokatu4.fi\/sv\/wp-json\/wp\/v2\/pages\/1560","targetHints":{"allow":["GET"]}}],"collection":[{"href":"https:\/\/puistokatu4.fi\/sv\/wp-json\/wp\/v2\/pages"}],"about":[{"href":"https:\/\/puistokatu4.fi\/sv\/wp-json\/wp\/v2\/types\/page"}],"author":[{"embeddable":true,"href":"https:\/\/puistokatu4.fi\/sv\/wp-json\/wp\/v2\/users\/1"}],"replies":[{"embeddable":true,"href":"https:\/\/puistokatu4.fi\/sv\/wp-json\/wp\/v2\/comments?post=1560"}],"version-history":[{"count":0,"href":"https:\/\/puistokatu4.fi\/sv\/wp-json\/wp\/v2\/pages\/1560\/revisions"}],"wp:featuredmedia":[{"embeddable":true,"href":"https:\/\/puistokatu4.fi\/sv\/wp-json\/wp\/v2\/media\/1443"}],"wp:attachment":[{"href":"https:\/\/puistokatu4.fi\/sv\/wp-json\/wp\/v2\/media?parent=1560"}],"curies":[{"name":"wp","href":"https:\/\/api.w.org\/{rel}","templated":true}]}}