{"id":1552,"date":"2022-09-16T11:54:21","date_gmt":"2022-09-16T09:54:21","guid":{"rendered":"https:\/\/puistokatu4.fi\/?page_id=1552"},"modified":"2025-12-03T13:15:56","modified_gmt":"2025-12-03T11:15:56","slug":"vad-handlar-det-om","status":"publish","type":"page","link":"https:\/\/puistokatu4.fi\/sv\/vad-handlar-det-om\/","title":{"rendered":"Om v\u00e5rt hus"},"content":{"rendered":"","protected":false},"excerpt":{"rendered":"","protected":false},"author":1,"featured_media":1546,"parent":0,"menu_order":0,"comment_status":"closed","ping_status":"closed","template":"","meta":{"content-type":"","footnotes":""},"class_list":["post-1552","page","type-page","status-publish","has-post-thumbnail","hentry"],"acf":[],"yoast_head":"<!-- This site is optimized with the Yoast SEO plugin v20.9 - https:\/\/yoast.com\/wordpress\/plugins\/seo\/ -->\n<title>Om v\u00e5rt hus - Puistokatu 4<\/title>\n<meta name=\"description\" content=\"Puistokatu 4 i Brunnsparken i Helsingfors \u00e4r avsedd som evenemangplats f\u00f6r stadsborna och en trygg plats f\u00f6r forskning, arbete och diskussion kring den ekologiska krisen.\" \/>\n<meta name=\"robots\" content=\"index, follow, max-snippet:-1, max-image-preview:large, max-video-preview:-1\" \/>\n<link rel=\"canonical\" href=\"https:\/\/puistokatu4.fi\/sv\/vad-handlar-det-om\/\" \/>\n<meta property=\"og:locale\" content=\"sv_SE\" \/>\n<meta property=\"og:type\" content=\"article\" \/>\n<meta property=\"og:title\" content=\"Om v\u00e5rt hus - Puistokatu 4\" \/>\n<meta property=\"og:description\" content=\"Puistokatu 4 i Brunnsparken i Helsingfors \u00e4r avsedd som evenemangplats f\u00f6r stadsborna och en trygg plats f\u00f6r forskning, arbete och diskussion kring den ekologiska krisen.\" \/>\n<meta property=\"og:url\" content=\"https:\/\/puistokatu4.fi\/sv\/vad-handlar-det-om\/\" \/>\n<meta property=\"og:site_name\" content=\"Puistokatu 4\" \/>\n<meta property=\"article:publisher\" content=\"https:\/\/www.facebook.com\/puistokatu4\/\" \/>\n<meta property=\"article:modified_time\" content=\"2025-12-03T11:15:56+00:00\" \/>\n<meta property=\"og:image\" content=\"https:\/\/puistokatu4.fi\/wp-content\/uploads\/2022\/08\/puistokatu4-kutsuavajaiset-yleis-073-1024x683.jpg\" \/>\n\t<meta property=\"og:image:width\" content=\"1024\" \/>\n\t<meta property=\"og:image:height\" content=\"683\" \/>\n\t<meta property=\"og:image:type\" content=\"image\/jpeg\" \/>\n<meta name=\"twitter:card\" content=\"summary_large_image\" \/>\n<meta name=\"twitter:site\" content=\"@Puistokatu4\" \/>\n<script type=\"application\/ld+json\" class=\"yoast-schema-graph\">{\"@context\":\"https:\/\/schema.org\",\"@graph\":[{\"@type\":\"WebPage\",\"@id\":\"https:\/\/puistokatu4.fi\/sv\/vad-handlar-det-om\/\",\"url\":\"https:\/\/puistokatu4.fi\/sv\/vad-handlar-det-om\/\",\"name\":\"Om v\u00e5rt hus - Puistokatu 4\",\"isPartOf\":{\"@id\":\"https:\/\/puistokatu4.fi\/#website\"},\"datePublished\":\"2022-09-16T09:54:21+00:00\",\"dateModified\":\"2025-12-03T11:15:56+00:00\",\"description\":\"Puistokatu 4 i Brunnsparken i Helsingfors \u00e4r avsedd som evenemangplats f\u00f6r stadsborna och en trygg plats f\u00f6r forskning, arbete och diskussion kring den ekologiska krisen.\",\"breadcrumb\":{\"@id\":\"https:\/\/puistokatu4.fi\/sv\/vad-handlar-det-om\/#breadcrumb\"},\"inLanguage\":\"sv-SE\",\"potentialAction\":[{\"@type\":\"ReadAction\",\"target\":[\"https:\/\/puistokatu4.fi\/sv\/vad-handlar-det-om\/\"]}]},{\"@type\":\"BreadcrumbList\",\"@id\":\"https:\/\/puistokatu4.fi\/sv\/vad-handlar-det-om\/#breadcrumb\",\"itemListElement\":[{\"@type\":\"ListItem\",\"position\":1,\"name\":\"Home\",\"item\":\"https:\/\/puistokatu4.fi\/sv\/\"},{\"@type\":\"ListItem\",\"position\":2,\"name\":\"Om v\u00e5rt hus\"}]},{\"@type\":\"WebSite\",\"@id\":\"https:\/\/puistokatu4.fi\/#website\",\"url\":\"https:\/\/puistokatu4.fi\/\",\"name\":\"Puistokatu 4\",\"description\":\"Tieteen ja toivon talo\",\"publisher\":{\"@id\":\"https:\/\/puistokatu4.fi\/#organization\"},\"potentialAction\":[{\"@type\":\"SearchAction\",\"target\":{\"@type\":\"EntryPoint\",\"urlTemplate\":\"https:\/\/puistokatu4.fi\/?s={search_term_string}\"},\"query-input\":\"required name=search_term_string\"}],\"inLanguage\":\"sv-SE\"},{\"@type\":\"Organization\",\"@id\":\"https:\/\/puistokatu4.fi\/#organization\",\"name\":\"Puistokatu 4\",\"url\":\"https:\/\/puistokatu4.fi\/\",\"logo\":{\"@type\":\"ImageObject\",\"inLanguage\":\"sv-SE\",\"@id\":\"https:\/\/puistokatu4.fi\/#\/schema\/logo\/image\/\",\"url\":\"https:\/\/puistokatu4.fi\/wp-content\/uploads\/2021\/02\/logo-black.svg\",\"contentUrl\":\"https:\/\/puistokatu4.fi\/wp-content\/uploads\/2021\/02\/logo-black.svg\",\"width\":420,\"height\":170,\"caption\":\"Puistokatu 4\"},\"image\":{\"@id\":\"https:\/\/puistokatu4.fi\/#\/schema\/logo\/image\/\"},\"sameAs\":[\"https:\/\/www.facebook.com\/puistokatu4\/\",\"https:\/\/twitter.com\/Puistokatu4\",\"https:\/\/www.instagram.com\/puistokatu4\/\"]}]}<\/script>\n<!-- \/ Yoast SEO plugin. -->","yoast_head_json":{"title":"Om v\u00e5rt hus - Puistokatu 4","description":"Puistokatu 4 i Brunnsparken i Helsingfors \u00e4r avsedd som evenemangplats f\u00f6r stadsborna och en trygg plats f\u00f6r forskning, arbete och diskussion kring den ekologiska krisen.","robots":{"index":"index","follow":"follow","max-snippet":"max-snippet:-1","max-image-preview":"max-image-preview:large","max-video-preview":"max-video-preview:-1"},"canonical":"https:\/\/puistokatu4.fi\/sv\/vad-handlar-det-om\/","og_locale":"sv_SE","og_type":"article","og_title":"Om v\u00e5rt hus - Puistokatu 4","og_description":"Puistokatu 4 i Brunnsparken i Helsingfors \u00e4r avsedd som evenemangplats f\u00f6r stadsborna och en trygg plats f\u00f6r forskning, arbete och diskussion kring den ekologiska krisen.","og_url":"https:\/\/puistokatu4.fi\/sv\/vad-handlar-det-om\/","og_site_name":"Puistokatu 4","article_publisher":"https:\/\/www.facebook.com\/puistokatu4\/","article_modified_time":"2025-12-03T11:15:56+00:00","og_image":[{"width":1024,"height":683,"url":"https:\/\/puistokatu4.fi\/wp-content\/uploads\/2022\/08\/puistokatu4-kutsuavajaiset-yleis-073-1024x683.jpg","type":"image\/jpeg"}],"twitter_card":"summary_large_image","twitter_site":"@Puistokatu4","schema":{"@context":"https:\/\/schema.org","@graph":[{"@type":"WebPage","@id":"https:\/\/puistokatu4.fi\/sv\/vad-handlar-det-om\/","url":"https:\/\/puistokatu4.fi\/sv\/vad-handlar-det-om\/","name":"Om v\u00e5rt hus - Puistokatu 4","isPartOf":{"@id":"https:\/\/puistokatu4.fi\/#website"},"datePublished":"2022-09-16T09:54:21+00:00","dateModified":"2025-12-03T11:15:56+00:00","description":"Puistokatu 4 i Brunnsparken i Helsingfors \u00e4r avsedd som evenemangplats f\u00f6r stadsborna och en trygg plats f\u00f6r forskning, arbete och diskussion kring den ekologiska krisen.","breadcrumb":{"@id":"https:\/\/puistokatu4.fi\/sv\/vad-handlar-det-om\/#breadcrumb"},"inLanguage":"sv-SE","potentialAction":[{"@type":"ReadAction","target":["https:\/\/puistokatu4.fi\/sv\/vad-handlar-det-om\/"]}]},{"@type":"BreadcrumbList","@id":"https:\/\/puistokatu4.fi\/sv\/vad-handlar-det-om\/#breadcrumb","itemListElement":[{"@type":"ListItem","position":1,"name":"Home","item":"https:\/\/puistokatu4.fi\/sv\/"},{"@type":"ListItem","position":2,"name":"Om v\u00e5rt hus"}]},{"@type":"WebSite","@id":"https:\/\/puistokatu4.fi\/#website","url":"https:\/\/puistokatu4.fi\/","name":"Puistokatu 4","description":"Tieteen ja toivon talo","publisher":{"@id":"https:\/\/puistokatu4.fi\/#organization"},"potentialAction":[{"@type":"SearchAction","target":{"@type":"EntryPoint","urlTemplate":"https:\/\/puistokatu4.fi\/?s={search_term_string}"},"query-input":"required name=search_term_string"}],"inLanguage":"sv-SE"},{"@type":"Organization","@id":"https:\/\/puistokatu4.fi\/#organization","name":"Puistokatu 4","url":"https:\/\/puistokatu4.fi\/","logo":{"@type":"ImageObject","inLanguage":"sv-SE","@id":"https:\/\/puistokatu4.fi\/#\/schema\/logo\/image\/","url":"https:\/\/puistokatu4.fi\/wp-content\/uploads\/2021\/02\/logo-black.svg","contentUrl":"https:\/\/puistokatu4.fi\/wp-content\/uploads\/2021\/02\/logo-black.svg","width":420,"height":170,"caption":"Puistokatu 4"},"image":{"@id":"https:\/\/puistokatu4.fi\/#\/schema\/logo\/image\/"},"sameAs":["https:\/\/www.facebook.com\/puistokatu4\/","https:\/\/twitter.com\/Puistokatu4","https:\/\/www.instagram.com\/puistokatu4\/"]}]}},"_links":{"self":[{"href":"https:\/\/puistokatu4.fi\/sv\/wp-json\/wp\/v2\/pages\/1552","targetHints":{"allow":["GET"]}}],"collection":[{"href":"https:\/\/puistokatu4.fi\/sv\/wp-json\/wp\/v2\/pages"}],"about":[{"href":"https:\/\/puistokatu4.fi\/sv\/wp-json\/wp\/v2\/types\/page"}],"author":[{"embeddable":true,"href":"https:\/\/puistokatu4.fi\/sv\/wp-json\/wp\/v2\/users\/1"}],"replies":[{"embeddable":true,"href":"https:\/\/puistokatu4.fi\/sv\/wp-json\/wp\/v2\/comments?post=1552"}],"version-history":[{"count":1,"href":"https:\/\/puistokatu4.fi\/sv\/wp-json\/wp\/v2\/pages\/1552\/revisions"}],"predecessor-version":[{"id":1578,"href":"https:\/\/puistokatu4.fi\/sv\/wp-json\/wp\/v2\/pages\/1552\/revisions\/1578"}],"wp:featuredmedia":[{"embeddable":true,"href":"https:\/\/puistokatu4.fi\/sv\/wp-json\/wp\/v2\/media\/1546"}],"wp:attachment":[{"href":"https:\/\/puistokatu4.fi\/sv\/wp-json\/wp\/v2\/media?parent=1552"}],"curies":[{"name":"wp","href":"https:\/\/api.w.org\/{rel}","templated":true}]}}