{"id":3289,"date":"2023-09-06T16:20:52","date_gmt":"2023-09-06T14:20:52","guid":{"rendered":"https:\/\/puistokatu4.fi\/?page_id=3289"},"modified":"2024-01-18T13:45:40","modified_gmt":"2024-01-18T11:45:40","slug":"davja-jerrojuvvon-gazaldagat","status":"publish","type":"page","link":"https:\/\/puistokatu4.fi\/sme\/davja-jerrojuvvon-gazaldagat\/","title":{"rendered":"D\u00e1vj\u00e1 jerrojuvvon ga\u017ealdagat"},"content":{"rendered":"","protected":false},"excerpt":{"rendered":"","protected":false},"author":6,"featured_media":3078,"parent":0,"menu_order":0,"comment_status":"closed","ping_status":"closed","template":"","meta":{"content-type":"","footnotes":""},"class_list":["post-3289","page","type-page","status-publish","has-post-thumbnail","hentry"],"acf":[],"yoast_head":"<!-- This site is optimized with the Yoast SEO plugin v20.9 - https:\/\/yoast.com\/wordpress\/plugins\/seo\/ -->\n<title>D\u00e1vj\u00e1 jerrojuvvon ga\u017ealdagat - Puistokatu 4<\/title>\n<meta name=\"robots\" content=\"index, follow, max-snippet:-1, max-image-preview:large, max-video-preview:-1\" \/>\n<link rel=\"canonical\" href=\"https:\/\/puistokatu4.fi\/sme\/davja-jerrojuvvon-gazaldagat\/\" \/>\n<meta property=\"og:locale\" content=\"en_US\" \/>\n<meta property=\"og:type\" content=\"article\" \/>\n<meta property=\"og:title\" content=\"D\u00e1vj\u00e1 jerrojuvvon ga\u017ealdagat - Puistokatu 4\" \/>\n<meta property=\"og:url\" content=\"https:\/\/puistokatu4.fi\/sme\/davja-jerrojuvvon-gazaldagat\/\" \/>\n<meta property=\"og:site_name\" content=\"Puistokatu 4\" \/>\n<meta property=\"article:publisher\" content=\"https:\/\/www.facebook.com\/puistokatu4\/\" \/>\n<meta property=\"article:modified_time\" content=\"2024-01-18T11:45:40+00:00\" \/>\n<meta property=\"og:image\" content=\"https:\/\/puistokatu4.fi\/wp-content\/uploads\/2023\/06\/PK4-1024x683.jpg\" \/>\n\t<meta property=\"og:image:width\" content=\"1024\" \/>\n\t<meta property=\"og:image:height\" content=\"683\" \/>\n\t<meta property=\"og:image:type\" content=\"image\/jpeg\" \/>\n<meta name=\"twitter:card\" content=\"summary_large_image\" \/>\n<meta name=\"twitter:site\" content=\"@Puistokatu4\" \/>\n<script type=\"application\/ld+json\" class=\"yoast-schema-graph\">{\"@context\":\"https:\/\/schema.org\",\"@graph\":[{\"@type\":\"WebPage\",\"@id\":\"https:\/\/puistokatu4.fi\/sme\/davja-jerrojuvvon-gazaldagat\/\",\"url\":\"https:\/\/puistokatu4.fi\/sme\/davja-jerrojuvvon-gazaldagat\/\",\"name\":\"D\u00e1vj\u00e1 jerrojuvvon ga\u017ealdagat - Puistokatu 4\",\"isPartOf\":{\"@id\":\"https:\/\/puistokatu4.fi\/#website\"},\"datePublished\":\"2023-09-06T14:20:52+00:00\",\"dateModified\":\"2024-01-18T11:45:40+00:00\",\"breadcrumb\":{\"@id\":\"https:\/\/puistokatu4.fi\/sme\/davja-jerrojuvvon-gazaldagat\/#breadcrumb\"},\"inLanguage\":\"sme\",\"potentialAction\":[{\"@type\":\"ReadAction\",\"target\":[\"https:\/\/puistokatu4.fi\/sme\/davja-jerrojuvvon-gazaldagat\/\"]}]},{\"@type\":\"BreadcrumbList\",\"@id\":\"https:\/\/puistokatu4.fi\/sme\/davja-jerrojuvvon-gazaldagat\/#breadcrumb\",\"itemListElement\":[{\"@type\":\"ListItem\",\"position\":1,\"name\":\"Home\",\"item\":\"https:\/\/puistokatu4.fi\/sme\/\"},{\"@type\":\"ListItem\",\"position\":2,\"name\":\"D\u00e1vj\u00e1 jerrojuvvon ga\u017ealdagat\"}]},{\"@type\":\"WebSite\",\"@id\":\"https:\/\/puistokatu4.fi\/#website\",\"url\":\"https:\/\/puistokatu4.fi\/\",\"name\":\"Puistokatu 4\",\"description\":\"Tieteen ja toivon talo\",\"publisher\":{\"@id\":\"https:\/\/puistokatu4.fi\/#organization\"},\"potentialAction\":[{\"@type\":\"SearchAction\",\"target\":{\"@type\":\"EntryPoint\",\"urlTemplate\":\"https:\/\/puistokatu4.fi\/?s={search_term_string}\"},\"query-input\":\"required name=search_term_string\"}],\"inLanguage\":\"sme\"},{\"@type\":\"Organization\",\"@id\":\"https:\/\/puistokatu4.fi\/#organization\",\"name\":\"Puistokatu 4\",\"url\":\"https:\/\/puistokatu4.fi\/\",\"logo\":{\"@type\":\"ImageObject\",\"inLanguage\":\"sme\",\"@id\":\"https:\/\/puistokatu4.fi\/#\/schema\/logo\/image\/\",\"url\":\"https:\/\/puistokatu4.fi\/wp-content\/uploads\/2021\/02\/logo-black.svg\",\"contentUrl\":\"https:\/\/puistokatu4.fi\/wp-content\/uploads\/2021\/02\/logo-black.svg\",\"width\":420,\"height\":170,\"caption\":\"Puistokatu 4\"},\"image\":{\"@id\":\"https:\/\/puistokatu4.fi\/#\/schema\/logo\/image\/\"},\"sameAs\":[\"https:\/\/www.facebook.com\/puistokatu4\/\",\"https:\/\/twitter.com\/Puistokatu4\",\"https:\/\/www.instagram.com\/puistokatu4\/\"]}]}<\/script>\n<!-- \/ Yoast SEO plugin. -->","yoast_head_json":{"title":"D\u00e1vj\u00e1 jerrojuvvon ga\u017ealdagat - Puistokatu 4","robots":{"index":"index","follow":"follow","max-snippet":"max-snippet:-1","max-image-preview":"max-image-preview:large","max-video-preview":"max-video-preview:-1"},"canonical":"https:\/\/puistokatu4.fi\/sme\/davja-jerrojuvvon-gazaldagat\/","og_locale":"en_US","og_type":"article","og_title":"D\u00e1vj\u00e1 jerrojuvvon ga\u017ealdagat - Puistokatu 4","og_url":"https:\/\/puistokatu4.fi\/sme\/davja-jerrojuvvon-gazaldagat\/","og_site_name":"Puistokatu 4","article_publisher":"https:\/\/www.facebook.com\/puistokatu4\/","article_modified_time":"2024-01-18T11:45:40+00:00","og_image":[{"width":1024,"height":683,"url":"https:\/\/puistokatu4.fi\/wp-content\/uploads\/2023\/06\/PK4-1024x683.jpg","type":"image\/jpeg"}],"twitter_card":"summary_large_image","twitter_site":"@Puistokatu4","schema":{"@context":"https:\/\/schema.org","@graph":[{"@type":"WebPage","@id":"https:\/\/puistokatu4.fi\/sme\/davja-jerrojuvvon-gazaldagat\/","url":"https:\/\/puistokatu4.fi\/sme\/davja-jerrojuvvon-gazaldagat\/","name":"D\u00e1vj\u00e1 jerrojuvvon ga\u017ealdagat - Puistokatu 4","isPartOf":{"@id":"https:\/\/puistokatu4.fi\/#website"},"datePublished":"2023-09-06T14:20:52+00:00","dateModified":"2024-01-18T11:45:40+00:00","breadcrumb":{"@id":"https:\/\/puistokatu4.fi\/sme\/davja-jerrojuvvon-gazaldagat\/#breadcrumb"},"inLanguage":"sme","potentialAction":[{"@type":"ReadAction","target":["https:\/\/puistokatu4.fi\/sme\/davja-jerrojuvvon-gazaldagat\/"]}]},{"@type":"BreadcrumbList","@id":"https:\/\/puistokatu4.fi\/sme\/davja-jerrojuvvon-gazaldagat\/#breadcrumb","itemListElement":[{"@type":"ListItem","position":1,"name":"Home","item":"https:\/\/puistokatu4.fi\/sme\/"},{"@type":"ListItem","position":2,"name":"D\u00e1vj\u00e1 jerrojuvvon ga\u017ealdagat"}]},{"@type":"WebSite","@id":"https:\/\/puistokatu4.fi\/#website","url":"https:\/\/puistokatu4.fi\/","name":"Puistokatu 4","description":"Tieteen ja toivon talo","publisher":{"@id":"https:\/\/puistokatu4.fi\/#organization"},"potentialAction":[{"@type":"SearchAction","target":{"@type":"EntryPoint","urlTemplate":"https:\/\/puistokatu4.fi\/?s={search_term_string}"},"query-input":"required name=search_term_string"}],"inLanguage":"sme"},{"@type":"Organization","@id":"https:\/\/puistokatu4.fi\/#organization","name":"Puistokatu 4","url":"https:\/\/puistokatu4.fi\/","logo":{"@type":"ImageObject","inLanguage":"sme","@id":"https:\/\/puistokatu4.fi\/#\/schema\/logo\/image\/","url":"https:\/\/puistokatu4.fi\/wp-content\/uploads\/2021\/02\/logo-black.svg","contentUrl":"https:\/\/puistokatu4.fi\/wp-content\/uploads\/2021\/02\/logo-black.svg","width":420,"height":170,"caption":"Puistokatu 4"},"image":{"@id":"https:\/\/puistokatu4.fi\/#\/schema\/logo\/image\/"},"sameAs":["https:\/\/www.facebook.com\/puistokatu4\/","https:\/\/twitter.com\/Puistokatu4","https:\/\/www.instagram.com\/puistokatu4\/"]}]}},"_links":{"self":[{"href":"https:\/\/puistokatu4.fi\/sme\/wp-json\/wp\/v2\/pages\/3289","targetHints":{"allow":["GET"]}}],"collection":[{"href":"https:\/\/puistokatu4.fi\/sme\/wp-json\/wp\/v2\/pages"}],"about":[{"href":"https:\/\/puistokatu4.fi\/sme\/wp-json\/wp\/v2\/types\/page"}],"author":[{"embeddable":true,"href":"https:\/\/puistokatu4.fi\/sme\/wp-json\/wp\/v2\/users\/6"}],"replies":[{"embeddable":true,"href":"https:\/\/puistokatu4.fi\/sme\/wp-json\/wp\/v2\/comments?post=3289"}],"version-history":[{"count":1,"href":"https:\/\/puistokatu4.fi\/sme\/wp-json\/wp\/v2\/pages\/3289\/revisions"}],"predecessor-version":[{"id":3292,"href":"https:\/\/puistokatu4.fi\/sme\/wp-json\/wp\/v2\/pages\/3289\/revisions\/3292"}],"wp:featuredmedia":[{"embeddable":true,"href":"https:\/\/puistokatu4.fi\/sme\/wp-json\/wp\/v2\/media\/3078"}],"wp:attachment":[{"href":"https:\/\/puistokatu4.fi\/sme\/wp-json\/wp\/v2\/media?parent=3289"}],"curies":[{"name":"wp","href":"https:\/\/api.w.org\/{rel}","templated":true}]}}