{"id":1603,"date":"2023-02-03T17:57:47","date_gmt":"2023-02-03T15:57:47","guid":{"rendered":"https:\/\/puistokatu4.fi\/?page_id=1603"},"modified":"2023-09-06T15:47:38","modified_gmt":"2023-09-06T13:47:38","slug":"mas-lea-gazaldat","status":"publish","type":"page","link":"https:\/\/puistokatu4.fi\/sme\/mas-lea-gazaldat\/","title":{"rendered":"Mas lea ga\u017ealdat?"},"content":{"rendered":"","protected":false},"excerpt":{"rendered":"","protected":false},"author":1,"featured_media":3376,"parent":0,"menu_order":0,"comment_status":"closed","ping_status":"closed","template":"","meta":{"content-type":"","footnotes":""},"class_list":["post-1603","page","type-page","status-publish","has-post-thumbnail","hentry"],"acf":[],"yoast_head":"<!-- This site is optimized with the Yoast SEO plugin v20.9 - https:\/\/yoast.com\/wordpress\/plugins\/seo\/ -->\n<title>Mas lea ga\u017ealdat? - Puistokatu 4<\/title>\n<meta name=\"description\" content=\"Helssega Kaivopuisto Puistokatu 4 lea oaivvilduvvon d\u00e1hp\u00e1husb\u00e1ikin g\u00e1vpotla\u010d\u010daide ja dorvvola\u0161 sadjin ekologala\u0161 heahtedili guoskeva\u0161 dutkamu\u0161\u0161ii, bargui ja sagastallamii.\" \/>\n<meta name=\"robots\" content=\"index, follow, max-snippet:-1, max-image-preview:large, max-video-preview:-1\" \/>\n<link rel=\"canonical\" href=\"https:\/\/puistokatu4.fi\/sme\/mas-lea-gazaldat\/\" \/>\n<meta property=\"og:locale\" content=\"en_US\" \/>\n<meta property=\"og:type\" content=\"article\" \/>\n<meta property=\"og:title\" content=\"Mas lea ga\u017ealdat? - Puistokatu 4\" \/>\n<meta property=\"og:description\" content=\"Helssega Kaivopuisto Puistokatu 4 lea oaivvilduvvon d\u00e1hp\u00e1husb\u00e1ikin g\u00e1vpotla\u010d\u010daide ja dorvvola\u0161 sadjin ekologala\u0161 heahtedili guoskeva\u0161 dutkamu\u0161\u0161ii, bargui ja sagastallamii.\" \/>\n<meta property=\"og:url\" content=\"https:\/\/puistokatu4.fi\/sme\/mas-lea-gazaldat\/\" \/>\n<meta property=\"og:site_name\" content=\"Puistokatu 4\" \/>\n<meta property=\"article:publisher\" content=\"https:\/\/www.facebook.com\/puistokatu4\/\" \/>\n<meta property=\"article:modified_time\" content=\"2023-09-06T13:47:38+00:00\" \/>\n<meta property=\"og:image\" content=\"https:\/\/puistokatu4.fi\/wp-content\/uploads\/2022\/06\/4M3A1063-2_2.jpg\" \/>\n\t<meta property=\"og:image:width\" content=\"1181\" \/>\n\t<meta property=\"og:image:height\" content=\"788\" \/>\n\t<meta property=\"og:image:type\" content=\"image\/jpeg\" \/>\n<meta name=\"twitter:card\" content=\"summary_large_image\" \/>\n<meta name=\"twitter:site\" content=\"@Puistokatu4\" \/>\n<script type=\"application\/ld+json\" class=\"yoast-schema-graph\">{\"@context\":\"https:\/\/schema.org\",\"@graph\":[{\"@type\":\"WebPage\",\"@id\":\"https:\/\/puistokatu4.fi\/sme\/mas-lea-gazaldat\/\",\"url\":\"https:\/\/puistokatu4.fi\/sme\/mas-lea-gazaldat\/\",\"name\":\"Mas lea ga\u017ealdat? - Puistokatu 4\",\"isPartOf\":{\"@id\":\"https:\/\/puistokatu4.fi\/#website\"},\"datePublished\":\"2023-02-03T15:57:47+00:00\",\"dateModified\":\"2023-09-06T13:47:38+00:00\",\"description\":\"Helssega Kaivopuisto Puistokatu 4 lea oaivvilduvvon d\u00e1hp\u00e1husb\u00e1ikin g\u00e1vpotla\u010d\u010daide ja dorvvola\u0161 sadjin ekologala\u0161 heahtedili guoskeva\u0161 dutkamu\u0161\u0161ii, bargui ja sagastallamii.\",\"breadcrumb\":{\"@id\":\"https:\/\/puistokatu4.fi\/sme\/mas-lea-gazaldat\/#breadcrumb\"},\"inLanguage\":\"sme\",\"potentialAction\":[{\"@type\":\"ReadAction\",\"target\":[\"https:\/\/puistokatu4.fi\/sme\/mas-lea-gazaldat\/\"]}]},{\"@type\":\"BreadcrumbList\",\"@id\":\"https:\/\/puistokatu4.fi\/sme\/mas-lea-gazaldat\/#breadcrumb\",\"itemListElement\":[{\"@type\":\"ListItem\",\"position\":1,\"name\":\"Home\",\"item\":\"https:\/\/puistokatu4.fi\/sme\/\"},{\"@type\":\"ListItem\",\"position\":2,\"name\":\"Mas lea ga\u017ealdat?\"}]},{\"@type\":\"WebSite\",\"@id\":\"https:\/\/puistokatu4.fi\/#website\",\"url\":\"https:\/\/puistokatu4.fi\/\",\"name\":\"Puistokatu 4\",\"description\":\"Tieteen ja toivon talo\",\"publisher\":{\"@id\":\"https:\/\/puistokatu4.fi\/#organization\"},\"potentialAction\":[{\"@type\":\"SearchAction\",\"target\":{\"@type\":\"EntryPoint\",\"urlTemplate\":\"https:\/\/puistokatu4.fi\/?s={search_term_string}\"},\"query-input\":\"required name=search_term_string\"}],\"inLanguage\":\"sme\"},{\"@type\":\"Organization\",\"@id\":\"https:\/\/puistokatu4.fi\/#organization\",\"name\":\"Puistokatu 4\",\"url\":\"https:\/\/puistokatu4.fi\/\",\"logo\":{\"@type\":\"ImageObject\",\"inLanguage\":\"sme\",\"@id\":\"https:\/\/puistokatu4.fi\/#\/schema\/logo\/image\/\",\"url\":\"https:\/\/puistokatu4.fi\/wp-content\/uploads\/2021\/02\/logo-black.svg\",\"contentUrl\":\"https:\/\/puistokatu4.fi\/wp-content\/uploads\/2021\/02\/logo-black.svg\",\"width\":420,\"height\":170,\"caption\":\"Puistokatu 4\"},\"image\":{\"@id\":\"https:\/\/puistokatu4.fi\/#\/schema\/logo\/image\/\"},\"sameAs\":[\"https:\/\/www.facebook.com\/puistokatu4\/\",\"https:\/\/twitter.com\/Puistokatu4\",\"https:\/\/www.instagram.com\/puistokatu4\/\"]}]}<\/script>\n<!-- \/ Yoast SEO plugin. -->","yoast_head_json":{"title":"Mas lea ga\u017ealdat? - Puistokatu 4","description":"Helssega Kaivopuisto Puistokatu 4 lea oaivvilduvvon d\u00e1hp\u00e1husb\u00e1ikin g\u00e1vpotla\u010d\u010daide ja dorvvola\u0161 sadjin ekologala\u0161 heahtedili guoskeva\u0161 dutkamu\u0161\u0161ii, bargui ja sagastallamii.","robots":{"index":"index","follow":"follow","max-snippet":"max-snippet:-1","max-image-preview":"max-image-preview:large","max-video-preview":"max-video-preview:-1"},"canonical":"https:\/\/puistokatu4.fi\/sme\/mas-lea-gazaldat\/","og_locale":"en_US","og_type":"article","og_title":"Mas lea ga\u017ealdat? - Puistokatu 4","og_description":"Helssega Kaivopuisto Puistokatu 4 lea oaivvilduvvon d\u00e1hp\u00e1husb\u00e1ikin g\u00e1vpotla\u010d\u010daide ja dorvvola\u0161 sadjin ekologala\u0161 heahtedili guoskeva\u0161 dutkamu\u0161\u0161ii, bargui ja sagastallamii.","og_url":"https:\/\/puistokatu4.fi\/sme\/mas-lea-gazaldat\/","og_site_name":"Puistokatu 4","article_publisher":"https:\/\/www.facebook.com\/puistokatu4\/","article_modified_time":"2023-09-06T13:47:38+00:00","og_image":[{"width":1181,"height":788,"url":"https:\/\/puistokatu4.fi\/wp-content\/uploads\/2022\/06\/4M3A1063-2_2.jpg","type":"image\/jpeg"}],"twitter_card":"summary_large_image","twitter_site":"@Puistokatu4","schema":{"@context":"https:\/\/schema.org","@graph":[{"@type":"WebPage","@id":"https:\/\/puistokatu4.fi\/sme\/mas-lea-gazaldat\/","url":"https:\/\/puistokatu4.fi\/sme\/mas-lea-gazaldat\/","name":"Mas lea ga\u017ealdat? - Puistokatu 4","isPartOf":{"@id":"https:\/\/puistokatu4.fi\/#website"},"datePublished":"2023-02-03T15:57:47+00:00","dateModified":"2023-09-06T13:47:38+00:00","description":"Helssega Kaivopuisto Puistokatu 4 lea oaivvilduvvon d\u00e1hp\u00e1husb\u00e1ikin g\u00e1vpotla\u010d\u010daide ja dorvvola\u0161 sadjin ekologala\u0161 heahtedili guoskeva\u0161 dutkamu\u0161\u0161ii, bargui ja sagastallamii.","breadcrumb":{"@id":"https:\/\/puistokatu4.fi\/sme\/mas-lea-gazaldat\/#breadcrumb"},"inLanguage":"sme","potentialAction":[{"@type":"ReadAction","target":["https:\/\/puistokatu4.fi\/sme\/mas-lea-gazaldat\/"]}]},{"@type":"BreadcrumbList","@id":"https:\/\/puistokatu4.fi\/sme\/mas-lea-gazaldat\/#breadcrumb","itemListElement":[{"@type":"ListItem","position":1,"name":"Home","item":"https:\/\/puistokatu4.fi\/sme\/"},{"@type":"ListItem","position":2,"name":"Mas lea ga\u017ealdat?"}]},{"@type":"WebSite","@id":"https:\/\/puistokatu4.fi\/#website","url":"https:\/\/puistokatu4.fi\/","name":"Puistokatu 4","description":"Tieteen ja toivon talo","publisher":{"@id":"https:\/\/puistokatu4.fi\/#organization"},"potentialAction":[{"@type":"SearchAction","target":{"@type":"EntryPoint","urlTemplate":"https:\/\/puistokatu4.fi\/?s={search_term_string}"},"query-input":"required name=search_term_string"}],"inLanguage":"sme"},{"@type":"Organization","@id":"https:\/\/puistokatu4.fi\/#organization","name":"Puistokatu 4","url":"https:\/\/puistokatu4.fi\/","logo":{"@type":"ImageObject","inLanguage":"sme","@id":"https:\/\/puistokatu4.fi\/#\/schema\/logo\/image\/","url":"https:\/\/puistokatu4.fi\/wp-content\/uploads\/2021\/02\/logo-black.svg","contentUrl":"https:\/\/puistokatu4.fi\/wp-content\/uploads\/2021\/02\/logo-black.svg","width":420,"height":170,"caption":"Puistokatu 4"},"image":{"@id":"https:\/\/puistokatu4.fi\/#\/schema\/logo\/image\/"},"sameAs":["https:\/\/www.facebook.com\/puistokatu4\/","https:\/\/twitter.com\/Puistokatu4","https:\/\/www.instagram.com\/puistokatu4\/"]}]}},"_links":{"self":[{"href":"https:\/\/puistokatu4.fi\/sme\/wp-json\/wp\/v2\/pages\/1603","targetHints":{"allow":["GET"]}}],"collection":[{"href":"https:\/\/puistokatu4.fi\/sme\/wp-json\/wp\/v2\/pages"}],"about":[{"href":"https:\/\/puistokatu4.fi\/sme\/wp-json\/wp\/v2\/types\/page"}],"author":[{"embeddable":true,"href":"https:\/\/puistokatu4.fi\/sme\/wp-json\/wp\/v2\/users\/1"}],"replies":[{"embeddable":true,"href":"https:\/\/puistokatu4.fi\/sme\/wp-json\/wp\/v2\/comments?post=1603"}],"version-history":[{"count":1,"href":"https:\/\/puistokatu4.fi\/sme\/wp-json\/wp\/v2\/pages\/1603\/revisions"}],"predecessor-version":[{"id":2326,"href":"https:\/\/puistokatu4.fi\/sme\/wp-json\/wp\/v2\/pages\/1603\/revisions\/2326"}],"wp:featuredmedia":[{"embeddable":true,"href":"https:\/\/puistokatu4.fi\/sme\/wp-json\/wp\/v2\/media\/3376"}],"wp:attachment":[{"href":"https:\/\/puistokatu4.fi\/sme\/wp-json\/wp\/v2\/media?parent=1603"}],"curies":[{"name":"wp","href":"https:\/\/api.w.org\/{rel}","templated":true}]}}